{"id":2605,"date":"2017-06-30T09:55:04","date_gmt":"2017-06-30T09:55:04","guid":{"rendered":"https:\/\/hanahome.hr\/terms-and-faq\/"},"modified":"2021-03-22T21:22:05","modified_gmt":"2021-03-22T19:22:05","slug":"terms-and-faq","status":"publish","type":"page","link":"https:\/\/hanahome.hr\/?page_id=2605&lang=hr","title":{"rendered":"\u010cPP"},"content":{"rendered":"<p>[vc_row css=&#8221;.vc_custom_1492612814975{margin-top: 40px !important;margin-bottom: 40px !important;}&#8221;][vc_column]<div style=\"background-color:;height: 20px\" class=\"nicdark_section  \"><\/div>[vc_column_text]Da bi vam mogli pru\u017eiti najbolju mogu\u0107u uslugu, pro\u010ditajte sljede\u0107e odjeljke. Ako su vam potrebne dodatne informacije, ne ustru\u010davajte se kontaktirati nas.[\/vc_column_text]<div style=\"background-color:;height: 40px\" class=\"nicdark_section  \"><\/div> <h3 style=\"color:;padding:px;text-align:;font-size:px;line-height:px;letter-spacing: px;font-weight:\" class=\"    \">\u010cesto postavljana pitanja<\/h3> <div style=\"background-color:;height: 30px\" class=\"nicdark_section  \"><\/div>\n\n    <div class=\"nd_options_section nd_options_toogles_faq \">\n\n      <div class=\"nd_options_section nd_options_box_sizing_border_box\">\n        <p class=\"nd_options_toogle_title nd_options_first_font nd_options_font_size_17 nd_options_position_relative nd_options_padding_right_20 nd_options_padding_top_5 nd_options_padding_left_45 nd_options_padding_bottom_5\">\n          <span style=\"background-color:#585f77\" class=\"nd_options_cursor_pointer nd_options_text_align_center nd_options_toogle_title_open_688 nd_options_width_25 nd_options_height_25  nd_options_position_absolute nd_options_top_0 nd_options_left_0\">\n            <img decoding=\"async\" alt=\"\" class=\"nd_options_margin_top_6\" width=\"12\" src=\"https:\/\/hanahome.hr\/wp-content\/plugins\/nd-shortcodes\/shortcodes\/custom\/toogle\/icon-add-white.png\">\n          <\/span> \n          <span style=\"background-color:#585f77\" class=\"nd_options_cursor_pointer nd_options_text_align_center nd_options_toogle_title_close_688 nd_options_width_25 nd_options_display_none nd_options_height_25  nd_options_position_absolute nd_options_top_0 nd_options_left_0\">\n            <img decoding=\"async\" alt=\"\" class=\"nd_options_margin_top_6\" width=\"12\" src=\"https:\/\/hanahome.hr\/wp-content\/plugins\/nd-shortcodes\/shortcodes\/custom\/toogle\/icon-less-white.png\">\n          <\/span>\n          Kako platiti online rezervaciju sobe?\n        <\/p>\n      <\/div>\n      \n      <div class=\"nd_options_display_none nd_options_padding_20 nd_options_padding_left_45 nd_options_toogle_content_688 nd_options_section nd_options_box_sizing_border_box\">\n        <p> Va\u0161 zahtjev za rezervaciju \u0161alje se na potvrdu i na\u0161 \u0107e vas doma\u0107in kontaktirati s detaljima u vezi s va\u0161im dolaskom i pla\u0107anjem.<\/p>\n      <\/div>\n\n    <\/div>\n\n   <div style=\"background-color:;height: 20px\" class=\"nicdark_section  \"><\/div>\n\n    <div class=\"nd_options_section nd_options_toogles_faq \">\n\n      <div class=\"nd_options_section nd_options_box_sizing_border_box\">\n        <p class=\"nd_options_toogle_title nd_options_first_font nd_options_font_size_17 nd_options_position_relative nd_options_padding_right_20 nd_options_padding_top_5 nd_options_padding_left_45 nd_options_padding_bottom_5\">\n          <span style=\"background-color:#585f77\" class=\"nd_options_cursor_pointer nd_options_text_align_center nd_options_toogle_title_open_114 nd_options_width_25 nd_options_height_25  nd_options_position_absolute nd_options_top_0 nd_options_left_0\">\n            <img decoding=\"async\" alt=\"\" class=\"nd_options_margin_top_6\" width=\"12\" src=\"https:\/\/hanahome.hr\/wp-content\/plugins\/nd-shortcodes\/shortcodes\/custom\/toogle\/icon-add-white.png\">\n          <\/span> \n          <span style=\"background-color:#585f77\" class=\"nd_options_cursor_pointer nd_options_text_align_center nd_options_toogle_title_close_114 nd_options_width_25 nd_options_display_none nd_options_height_25  nd_options_position_absolute nd_options_top_0 nd_options_left_0\">\n            <img decoding=\"async\" alt=\"\" class=\"nd_options_margin_top_6\" width=\"12\" src=\"https:\/\/hanahome.hr\/wp-content\/plugins\/nd-shortcodes\/shortcodes\/custom\/toogle\/icon-less-white.png\">\n          <\/span>\n           Kada mogu do\u0107i i kada moram napustiti apartman?\n        <\/p>\n      <\/div>\n      \n      <div class=\"nd_options_display_none nd_options_padding_20 nd_options_padding_left_45 nd_options_toogle_content_114 nd_options_section nd_options_box_sizing_border_box\">\n        <p>U apartman mo\u017eete u\u0107i nakon 14:00, a odlazak je predvi\u0111en u 10:00. Mogu\u0107i su i drugi dogovori, ali kontaktirajte nas unaprijed.<\/p>\n      <\/div>\n\n    <\/div>\n\n   <div style=\"background-color:;height: 20px\" class=\"nicdark_section  \"><\/div>\n\n    <div class=\"nd_options_section nd_options_toogles_faq \">\n\n      <div class=\"nd_options_section nd_options_box_sizing_border_box\">\n        <p class=\"nd_options_toogle_title nd_options_first_font nd_options_font_size_17 nd_options_position_relative nd_options_padding_right_20 nd_options_padding_top_5 nd_options_padding_left_45 nd_options_padding_bottom_5\">\n          <span style=\"background-color:#585f77\" class=\"nd_options_cursor_pointer nd_options_text_align_center nd_options_toogle_title_open_195 nd_options_width_25 nd_options_height_25  nd_options_position_absolute nd_options_top_0 nd_options_left_0\">\n            <img decoding=\"async\" alt=\"\" class=\"nd_options_margin_top_6\" width=\"12\" src=\"https:\/\/hanahome.hr\/wp-content\/plugins\/nd-shortcodes\/shortcodes\/custom\/toogle\/icon-add-white.png\">\n          <\/span> \n          <span style=\"background-color:#585f77\" class=\"nd_options_cursor_pointer nd_options_text_align_center nd_options_toogle_title_close_195 nd_options_width_25 nd_options_display_none nd_options_height_25  nd_options_position_absolute nd_options_top_0 nd_options_left_0\">\n            <img decoding=\"async\" alt=\"\" class=\"nd_options_margin_top_6\" width=\"12\" src=\"https:\/\/hanahome.hr\/wp-content\/plugins\/nd-shortcodes\/shortcodes\/custom\/toogle\/icon-less-white.png\">\n          <\/span>\n          Smijem li dovesti ku\u0107en ljubimce ?\n        <\/p>\n      <\/div>\n      \n      <div class=\"nd_options_display_none nd_options_padding_20 nd_options_padding_left_45 nd_options_toogle_content_195 nd_options_section nd_options_box_sizing_border_box\">\n        <p>Ku\u0107ni ljubimci su dozvoljeni. Cijena je 3 EUR-a na dan.<\/p>\n      <\/div>\n\n    <\/div>\n\n   <div style=\"background-color:;height: 20px\" class=\"nicdark_section  \"><\/div>\n\n    <div class=\"nd_options_section nd_options_toogles_faq \">\n\n      <div class=\"nd_options_section nd_options_box_sizing_border_box\">\n        <p class=\"nd_options_toogle_title nd_options_first_font nd_options_font_size_17 nd_options_position_relative nd_options_padding_right_20 nd_options_padding_top_5 nd_options_padding_left_45 nd_options_padding_bottom_5\">\n          <span style=\"background-color:#585f77\" class=\"nd_options_cursor_pointer nd_options_text_align_center nd_options_toogle_title_open_335 nd_options_width_25 nd_options_height_25  nd_options_position_absolute nd_options_top_0 nd_options_left_0\">\n            <img decoding=\"async\" alt=\"\" class=\"nd_options_margin_top_6\" width=\"12\" src=\"https:\/\/hanahome.hr\/wp-content\/plugins\/nd-shortcodes\/shortcodes\/custom\/toogle\/icon-add-white.png\">\n          <\/span> \n          <span style=\"background-color:#585f77\" class=\"nd_options_cursor_pointer nd_options_text_align_center nd_options_toogle_title_close_335 nd_options_width_25 nd_options_display_none nd_options_height_25  nd_options_position_absolute nd_options_top_0 nd_options_left_0\">\n            <img decoding=\"async\" alt=\"\" class=\"nd_options_margin_top_6\" width=\"12\" src=\"https:\/\/hanahome.hr\/wp-content\/plugins\/nd-shortcodes\/shortcodes\/custom\/toogle\/icon-less-white.png\">\n          <\/span>\n          Je li pu\u0161enje dozvoljeno ?\n        <\/p>\n      <\/div>\n      \n      <div class=\"nd_options_display_none nd_options_padding_20 nd_options_padding_left_45 nd_options_toogle_content_335 nd_options_section nd_options_box_sizing_border_box\">\n        <p>Pu\u0161enje je dozvoljeno samo na terasi.<\/p>\n      <\/div>\n\n    <\/div>\n\n   <div style=\"background-color:;height: 20px\" class=\"nicdark_section  \"><\/div>\n\n    <div class=\"nd_options_section nd_options_toogles_faq \">\n\n      <div class=\"nd_options_section nd_options_box_sizing_border_box\">\n        <p class=\"nd_options_toogle_title nd_options_first_font nd_options_font_size_17 nd_options_position_relative nd_options_padding_right_20 nd_options_padding_top_5 nd_options_padding_left_45 nd_options_padding_bottom_5\">\n          <span style=\"background-color:#585f77\" class=\"nd_options_cursor_pointer nd_options_text_align_center nd_options_toogle_title_open_321 nd_options_width_25 nd_options_height_25  nd_options_position_absolute nd_options_top_0 nd_options_left_0\">\n            <img decoding=\"async\" alt=\"\" class=\"nd_options_margin_top_6\" width=\"12\" src=\"https:\/\/hanahome.hr\/wp-content\/plugins\/nd-shortcodes\/shortcodes\/custom\/toogle\/icon-add-white.png\">\n          <\/span> \n          <span style=\"background-color:#585f77\" class=\"nd_options_cursor_pointer nd_options_text_align_center nd_options_toogle_title_close_321 nd_options_width_25 nd_options_display_none nd_options_height_25  nd_options_position_absolute nd_options_top_0 nd_options_left_0\">\n            <img decoding=\"async\" alt=\"\" class=\"nd_options_margin_top_6\" width=\"12\" src=\"https:\/\/hanahome.hr\/wp-content\/plugins\/nd-shortcodes\/shortcodes\/custom\/toogle\/icon-less-white.png\">\n          <\/span>\n          Smijem li dovesti prijatelje ili dru\u0161tvo?\n        <\/p>\n      <\/div>\n      \n      <div class=\"nd_options_display_none nd_options_padding_20 nd_options_padding_left_45 nd_options_toogle_content_321 nd_options_section nd_options_box_sizing_border_box\">\n        <p> Gosti su dopu\u0161teni, ali zabave i pretjerana buka nisu dopu\u0161teni.<\/p>\n      <\/div>\n\n    <\/div>\n\n   <div style=\"background-color:;height: 50px\" class=\"nicdark_section  \"><\/div>[\/vc_column][\/vc_row]<\/p>\n","protected":false},"excerpt":{"rendered":"<p>[vc_row css=&#8221;.vc_custom_1492612814975{margin-top: 40px !important;margin-bottom: 40px !important;}&#8221;][vc_column][vc_column_text]Da bi vam mogli pru\u017eiti najbolju mogu\u0107u uslugu, pro\u010ditajte sljede\u0107e odjeljke. Ako su vam potrebne dodatne informacije, ne ustru\u010davajte se kontaktirati nas.[\/vc_column_text][\/vc_column][\/vc_row]<\/p>\n","protected":false},"author":1,"featured_media":0,"parent":0,"menu_order":0,"comment_status":"closed","ping_status":"closed","template":"","meta":{"footnotes":""},"class_list":["post-2605","page","type-page","status-publish","hentry"],"_links":{"self":[{"href":"https:\/\/hanahome.hr\/index.php?rest_route=\/wp\/v2\/pages\/2605","targetHints":{"allow":["GET"]}}],"collection":[{"href":"https:\/\/hanahome.hr\/index.php?rest_route=\/wp\/v2\/pages"}],"about":[{"href":"https:\/\/hanahome.hr\/index.php?rest_route=\/wp\/v2\/types\/page"}],"author":[{"embeddable":true,"href":"https:\/\/hanahome.hr\/index.php?rest_route=\/wp\/v2\/users\/1"}],"replies":[{"embeddable":true,"href":"https:\/\/hanahome.hr\/index.php?rest_route=%2Fwp%2Fv2%2Fcomments&post=2605"}],"version-history":[{"count":2,"href":"https:\/\/hanahome.hr\/index.php?rest_route=\/wp\/v2\/pages\/2605\/revisions"}],"predecessor-version":[{"id":2607,"href":"https:\/\/hanahome.hr\/index.php?rest_route=\/wp\/v2\/pages\/2605\/revisions\/2607"}],"wp:attachment":[{"href":"https:\/\/hanahome.hr\/index.php?rest_route=%2Fwp%2Fv2%2Fmedia&parent=2605"}],"curies":[{"name":"wp","href":"https:\/\/api.w.org\/{rel}","templated":true}]}}